{"id":17,"date":"2023-09-22T15:37:51","date_gmt":"2023-09-22T13:37:51","guid":{"rendered":"https:\/\/sobreincendios.com\/blog\/?page_id=17"},"modified":"2023-09-22T15:37:51","modified_gmt":"2023-09-22T13:37:51","slug":"contacta-con-nosotros","status":"publish","type":"page","link":"https:\/\/sobreincendios.com\/blog\/contacta-con-nosotros\/","title":{"rendered":"Contacta con nosotros"},"content":{"rendered":"<p>Apreciamos mucho sus comentarios y esperamos tener noticias suyas.<\/p>\n<p>Si desea ponerse en contacto con nosotros o tiene comentarios sobre nuestro sitio web, le invitamos a escribirnos a la direcci\u00f3n de correo electr\u00f3nico que figura a continuaci\u00f3n.<\/p>\n<p>Le solicitamos amablemente que utilice una l\u00ednea de asunto clara para que podamos identificar su mensaje entre los numerosos correos electr\u00f3nicos no deseados que recibimos a diario. Haremos todo lo posible para responderle lo antes posible.<\/p>\n<p>Valoramos mucho sus comentarios sobre las rese\u00f1as o art\u00edculos de nuestro sitio web; recuerde dejarlos en la secci\u00f3n de comentarios ubicada debajo de cada art\u00edculo.<\/p>\n<p>Si tiene preguntas o comentarios sobre los productos que revisamos, le rogamos que los deje en la secci\u00f3n de comentarios correspondiente.<\/p>\n<p>Esto es importante porque nos permite responder directamente y otros lectores pueden unirse a la conversaci\u00f3n.<\/p>\n<p>Tenga en cuenta que no vendemos ni almacenamos los productos que revisamos. Si tiene problemas con una compra que ha realizado, le sugerimos que se comunique directamente con el fabricante.<\/p>\n<p>Lamentamos informarle que debido al gran volumen de consultas que recibimos, no podemos responder a los correos electr\u00f3nicos relacionados con compras de suplementos.<\/p>\n<p>Para m\u00e1s informaci\u00f3n, le invitamos a contactar con nosotros a la siguiente direcci\u00f3n de correo electr\u00f3nico: Contacto: info@sobreincendios.com<\/p>\n","protected":false},"excerpt":{"rendered":"<p>Apreciamos mucho sus comentarios y esperamos tener noticias suyas. Si desea ponerse en contacto con nosotros o tiene comentarios sobre nuestro sitio web, le invitamos a escribirnos a la direcci\u00f3n de correo electr\u00f3nico que figura a continuaci\u00f3n. Le solicitamos amablemente que utilice una l\u00ednea de asunto clara para que podamos identificar su mensaje entre los [&hellip;]<\/p>\n","protected":false},"author":1,"featured_media":0,"parent":0,"menu_order":0,"comment_status":"closed","ping_status":"closed","template":"","meta":{"footnotes":""},"yoast_head":"<!-- This site is optimized with the Yoast SEO plugin v21.2 - https:\/\/yoast.com\/wordpress\/plugins\/seo\/ -->\n<title>Contacta con nosotros<\/title>\n<meta name=\"robots\" content=\"index, follow, max-snippet:-1, max-image-preview:large, max-video-preview:-1\" \/>\n<link rel=\"canonical\" href=\"https:\/\/sobreincendios.com\/blog\/contacta-con-nosotros\/\" \/>\n<meta property=\"og:locale\" content=\"es_ES\" \/>\n<meta property=\"og:type\" content=\"article\" \/>\n<meta property=\"og:title\" content=\"Contacta con nosotros\" \/>\n<meta property=\"og:description\" content=\"Apreciamos mucho sus comentarios y esperamos tener noticias suyas. Si desea ponerse en contacto con nosotros o tiene comentarios sobre nuestro sitio web, le invitamos a escribirnos a la direcci\u00f3n de correo electr\u00f3nico que figura a continuaci\u00f3n. Le solicitamos amablemente que utilice una l\u00ednea de asunto clara para que podamos identificar su mensaje entre los [&hellip;]\" \/>\n<meta property=\"og:url\" content=\"https:\/\/sobreincendios.com\/blog\/contacta-con-nosotros\/\" \/>\n<meta property=\"og:site_name\" content=\"Sobre incendios Blog\" \/>\n<meta name=\"twitter:card\" content=\"summary_large_image\" \/>\n<meta name=\"twitter:label1\" content=\"Tiempo de lectura\" \/>\n\t<meta name=\"twitter:data1\" content=\"1 minuto\" \/>\n<script type=\"application\/ld+json\" class=\"yoast-schema-graph\">{\"@context\":\"https:\/\/schema.org\",\"@graph\":[{\"@type\":\"WebPage\",\"@id\":\"https:\/\/sobreincendios.com\/blog\/contacta-con-nosotros\/\",\"url\":\"https:\/\/sobreincendios.com\/blog\/contacta-con-nosotros\/\",\"name\":\"Contacta con nosotros\",\"isPartOf\":{\"@id\":\"https:\/\/sobreincendios.com\/blog\/#website\"},\"datePublished\":\"2023-09-22T13:37:51+00:00\",\"dateModified\":\"2023-09-22T13:37:51+00:00\",\"breadcrumb\":{\"@id\":\"https:\/\/sobreincendios.com\/blog\/contacta-con-nosotros\/#breadcrumb\"},\"inLanguage\":\"es\",\"potentialAction\":[{\"@type\":\"ReadAction\",\"target\":[\"https:\/\/sobreincendios.com\/blog\/contacta-con-nosotros\/\"]}]},{\"@type\":\"BreadcrumbList\",\"@id\":\"https:\/\/sobreincendios.com\/blog\/contacta-con-nosotros\/#breadcrumb\",\"itemListElement\":[{\"@type\":\"ListItem\",\"position\":1,\"name\":\"Home\",\"item\":\"https:\/\/sobreincendios.com\/blog\/\"},{\"@type\":\"ListItem\",\"position\":2,\"name\":\"Contacta con nosotros\"}]},{\"@type\":\"WebSite\",\"@id\":\"https:\/\/sobreincendios.com\/blog\/#website\",\"url\":\"https:\/\/sobreincendios.com\/blog\/\",\"name\":\"Sobre incendios Blog\",\"description\":\"\",\"publisher\":{\"@id\":\"https:\/\/sobreincendios.com\/blog\/#organization\"},\"potentialAction\":[{\"@type\":\"SearchAction\",\"target\":{\"@type\":\"EntryPoint\",\"urlTemplate\":\"https:\/\/sobreincendios.com\/blog\/?s={search_term_string}\"},\"query-input\":\"required name=search_term_string\"}],\"inLanguage\":\"es\"},{\"@type\":\"Organization\",\"@id\":\"https:\/\/sobreincendios.com\/blog\/#organization\",\"name\":\"Sobre incendios Blog\",\"url\":\"https:\/\/sobreincendios.com\/blog\/\",\"logo\":{\"@type\":\"ImageObject\",\"inLanguage\":\"es\",\"@id\":\"https:\/\/sobreincendios.com\/blog\/#\/schema\/logo\/image\/\",\"url\":\"https:\/\/sobreincendios.com\/blog\/wp-content\/uploads\/2023\/09\/1633123360.jpg\",\"contentUrl\":\"https:\/\/sobreincendios.com\/blog\/wp-content\/uploads\/2023\/09\/1633123360.jpg\",\"width\":225,\"height\":225,\"caption\":\"Sobre incendios Blog\"},\"image\":{\"@id\":\"https:\/\/sobreincendios.com\/blog\/#\/schema\/logo\/image\/\"}}]}<\/script>\n<!-- \/ Yoast SEO plugin. -->","yoast_head_json":{"title":"Contacta con nosotros","robots":{"index":"index","follow":"follow","max-snippet":"max-snippet:-1","max-image-preview":"max-image-preview:large","max-video-preview":"max-video-preview:-1"},"canonical":"https:\/\/sobreincendios.com\/blog\/contacta-con-nosotros\/","og_locale":"es_ES","og_type":"article","og_title":"Contacta con nosotros","og_description":"Apreciamos mucho sus comentarios y esperamos tener noticias suyas. Si desea ponerse en contacto con nosotros o tiene comentarios sobre nuestro sitio web, le invitamos a escribirnos a la direcci\u00f3n de correo electr\u00f3nico que figura a continuaci\u00f3n. Le solicitamos amablemente que utilice una l\u00ednea de asunto clara para que podamos identificar su mensaje entre los [&hellip;]","og_url":"https:\/\/sobreincendios.com\/blog\/contacta-con-nosotros\/","og_site_name":"Sobre incendios Blog","twitter_card":"summary_large_image","twitter_misc":{"Tiempo de lectura":"1 minuto"},"schema":{"@context":"https:\/\/schema.org","@graph":[{"@type":"WebPage","@id":"https:\/\/sobreincendios.com\/blog\/contacta-con-nosotros\/","url":"https:\/\/sobreincendios.com\/blog\/contacta-con-nosotros\/","name":"Contacta con nosotros","isPartOf":{"@id":"https:\/\/sobreincendios.com\/blog\/#website"},"datePublished":"2023-09-22T13:37:51+00:00","dateModified":"2023-09-22T13:37:51+00:00","breadcrumb":{"@id":"https:\/\/sobreincendios.com\/blog\/contacta-con-nosotros\/#breadcrumb"},"inLanguage":"es","potentialAction":[{"@type":"ReadAction","target":["https:\/\/sobreincendios.com\/blog\/contacta-con-nosotros\/"]}]},{"@type":"BreadcrumbList","@id":"https:\/\/sobreincendios.com\/blog\/contacta-con-nosotros\/#breadcrumb","itemListElement":[{"@type":"ListItem","position":1,"name":"Home","item":"https:\/\/sobreincendios.com\/blog\/"},{"@type":"ListItem","position":2,"name":"Contacta con nosotros"}]},{"@type":"WebSite","@id":"https:\/\/sobreincendios.com\/blog\/#website","url":"https:\/\/sobreincendios.com\/blog\/","name":"Sobre incendios Blog","description":"","publisher":{"@id":"https:\/\/sobreincendios.com\/blog\/#organization"},"potentialAction":[{"@type":"SearchAction","target":{"@type":"EntryPoint","urlTemplate":"https:\/\/sobreincendios.com\/blog\/?s={search_term_string}"},"query-input":"required name=search_term_string"}],"inLanguage":"es"},{"@type":"Organization","@id":"https:\/\/sobreincendios.com\/blog\/#organization","name":"Sobre incendios Blog","url":"https:\/\/sobreincendios.com\/blog\/","logo":{"@type":"ImageObject","inLanguage":"es","@id":"https:\/\/sobreincendios.com\/blog\/#\/schema\/logo\/image\/","url":"https:\/\/sobreincendios.com\/blog\/wp-content\/uploads\/2023\/09\/1633123360.jpg","contentUrl":"https:\/\/sobreincendios.com\/blog\/wp-content\/uploads\/2023\/09\/1633123360.jpg","width":225,"height":225,"caption":"Sobre incendios Blog"},"image":{"@id":"https:\/\/sobreincendios.com\/blog\/#\/schema\/logo\/image\/"}}]}},"_links":{"self":[{"href":"https:\/\/sobreincendios.com\/blog\/wp-json\/wp\/v2\/pages\/17"}],"collection":[{"href":"https:\/\/sobreincendios.com\/blog\/wp-json\/wp\/v2\/pages"}],"about":[{"href":"https:\/\/sobreincendios.com\/blog\/wp-json\/wp\/v2\/types\/page"}],"author":[{"embeddable":true,"href":"https:\/\/sobreincendios.com\/blog\/wp-json\/wp\/v2\/users\/1"}],"replies":[{"embeddable":true,"href":"https:\/\/sobreincendios.com\/blog\/wp-json\/wp\/v2\/comments?post=17"}],"version-history":[{"count":1,"href":"https:\/\/sobreincendios.com\/blog\/wp-json\/wp\/v2\/pages\/17\/revisions"}],"predecessor-version":[{"id":18,"href":"https:\/\/sobreincendios.com\/blog\/wp-json\/wp\/v2\/pages\/17\/revisions\/18"}],"wp:attachment":[{"href":"https:\/\/sobreincendios.com\/blog\/wp-json\/wp\/v2\/media?parent=17"}],"curies":[{"name":"wp","href":"https:\/\/api.w.org\/{rel}","templated":true}]}}