{"id":15,"date":"2023-09-22T15:36:37","date_gmt":"2023-09-22T13:36:37","guid":{"rendered":"https:\/\/sobreincendios.com\/blog\/?page_id=15"},"modified":"2023-09-22T15:36:37","modified_gmt":"2023-09-22T13:36:37","slug":"condiciones-de-uso","status":"publish","type":"page","link":"https:\/\/sobreincendios.com\/blog\/condiciones-de-uso\/","title":{"rendered":"Condiciones de uso"},"content":{"rendered":"<p>Por favor, revise cuidadosamente estos t\u00e9rminos antes de utilizar este servicio.<\/p>\n<p>El acceso y uso de este servicio est\u00e1 sujeto a su aceptaci\u00f3n y cumplimiento de estos t\u00e9rminos. Estos t\u00e9rminos se aplican a todos los visitantes, usuarios y cualquier persona que acceda o utilice este servicio.<\/p>\n<p>Al acceder o utilizar este servicio, acepta cumplir con estos t\u00e9rminos. Si no est\u00e1 de acuerdo con alguna parte de estos t\u00e9rminos, no deber\u00eda acceder a este servicio.<\/p>\n<p>Derechos de Propiedad Intelectual<br \/>\nEl servicio y el contenido original de este servicio son propiedad intelectual de https:\/\/sobreincendios.com y sus licenciantes. Este servicio est\u00e1 protegido por derechos de autor, marcas registradas y otras leyes en Irlanda y otros pa\u00edses. No se permite el uso de nuestras marcas y logotipos para enlazar a productos o servicios sin el permiso de https:\/\/sobreincendios.com.<\/p>\n<p>Enlaces a Otros Sitios Web<br \/>\nNuestro servicio puede contener enlaces a sitios web o servicios de terceros que no son propiedad ni est\u00e1n controlados por (https:\/\/sobreincendios.com.<\/p>\n<p>https:\/\/sobreincendios.com no tiene control sobre el contenido, pol\u00edticas de privacidad o pr\u00e1cticas de sitios web o servicios de terceros. Reconoce y acepta que https:\/\/sobreincendios.com no ser\u00e1 responsable, directa o indirectamente, de ning\u00fan da\u00f1o o p\u00e9rdida causado o supuestamente causado por o en conexi\u00f3n con el contenido, bienes o servicios disponibles a trav\u00e9s de cualquiera de esos sitios web o servicios.<\/p>\n<p>Le aconsejamos revisar los t\u00e9rminos y condiciones y pol\u00edticas de privacidad de los sitios web o servicios de terceros que visite.<\/p>\n<p>Terminaci\u00f3n<br \/>\nPodemos terminar o suspender su acceso a este servicio inmediatamente, sin previo aviso o responsabilidad, por cualquier motivo, incluido, sin limitaci\u00f3n, si viola los t\u00e9rminos.<\/p>\n<p>Al terminar, debe dejar de usar este servicio inmediatamente.<\/p>\n<p>Limitaci\u00f3n de Responsabilidad<br \/>\nEn ning\u00fan caso https:\/\/sobreincendios.com, incluidos sus directores, empleados, socios, agentes, proveedores o afiliados, ser\u00e1 responsable de cualquier da\u00f1o indirecto, incidental, especial, consecuente o punitivo, incluido, sin limitaci\u00f3n, p\u00e9rdida de beneficios, datos, uso, buena voluntad u otras p\u00e9rdidas intangibles, en relaci\u00f3n con: (i) su acceso o uso, o incapacidad para acceder o usar este servicio; (ii) cualquier conducta de terceros dentro de este servicio; (iii) contenido obtenido de este servicio; (iv) acceso no autorizado, uso o alteraci\u00f3n de sus transmisiones o contenido; ya sea basado en garant\u00eda, contrato, agravio (incluida la negligencia) o cualquier otra teor\u00eda legal, ya se nos haya informado o no de la posibilidad de dicho da\u00f1o.<\/p>\n<p>Descargo de Garant\u00eda<br \/>\nEl uso de este servicio corre por su propio riesgo. Este servicio se proporciona \u00abtal cual\u00bb y \u00abseg\u00fan est\u00e9 disponible\u00bb. Este servicio se proporciona sin garant\u00edas de ning\u00fan tipo, ya sean expresas o impl\u00edcitas, incluyendo, pero no limitado a, garant\u00edas impl\u00edcitas de comerciabilidad, idoneidad para un prop\u00f3sito particular, no infracci\u00f3n o curso de ejecuci\u00f3n.<\/p>\n<p>https:\/\/sobreincendios.com, sus afiliados, socios comerciales y licenciantes no garantizan que (a) el servicio funcionar\u00e1 ininterrumpidamente, seguro o disponible en un momento o lugar particular; (b) se corregir\u00e1n errores o defectos; (c) el servicio est\u00e9 libre de virus u otros componentes da\u00f1inos; (d) los resultados del uso del servicio cumplan con sus requisitos.<\/p>\n","protected":false},"excerpt":{"rendered":"<p>Por favor, revise cuidadosamente estos t\u00e9rminos antes de utilizar este servicio. El acceso y uso de este servicio est\u00e1 sujeto a su aceptaci\u00f3n y cumplimiento de estos t\u00e9rminos. Estos t\u00e9rminos se aplican a todos los visitantes, usuarios y cualquier persona que acceda o utilice este servicio. Al acceder o utilizar este servicio, acepta cumplir con [&hellip;]<\/p>\n","protected":false},"author":1,"featured_media":0,"parent":0,"menu_order":0,"comment_status":"closed","ping_status":"closed","template":"","meta":{"footnotes":""},"yoast_head":"<!-- This site is optimized with the Yoast SEO plugin v21.2 - https:\/\/yoast.com\/wordpress\/plugins\/seo\/ -->\n<title>Condiciones de uso<\/title>\n<meta name=\"robots\" content=\"index, follow, max-snippet:-1, max-image-preview:large, max-video-preview:-1\" \/>\n<link rel=\"canonical\" href=\"https:\/\/sobreincendios.com\/blog\/condiciones-de-uso\/\" \/>\n<meta property=\"og:locale\" content=\"es_ES\" \/>\n<meta property=\"og:type\" content=\"article\" \/>\n<meta property=\"og:title\" content=\"Condiciones de uso\" \/>\n<meta property=\"og:description\" content=\"Por favor, revise cuidadosamente estos t\u00e9rminos antes de utilizar este servicio. El acceso y uso de este servicio est\u00e1 sujeto a su aceptaci\u00f3n y cumplimiento de estos t\u00e9rminos. Estos t\u00e9rminos se aplican a todos los visitantes, usuarios y cualquier persona que acceda o utilice este servicio. Al acceder o utilizar este servicio, acepta cumplir con [&hellip;]\" \/>\n<meta property=\"og:url\" content=\"https:\/\/sobreincendios.com\/blog\/condiciones-de-uso\/\" \/>\n<meta property=\"og:site_name\" content=\"Sobre incendios Blog\" \/>\n<meta name=\"twitter:card\" content=\"summary_large_image\" \/>\n<meta name=\"twitter:label1\" content=\"Tiempo de lectura\" \/>\n\t<meta name=\"twitter:data1\" content=\"3 minutos\" \/>\n<script type=\"application\/ld+json\" class=\"yoast-schema-graph\">{\"@context\":\"https:\/\/schema.org\",\"@graph\":[{\"@type\":\"WebPage\",\"@id\":\"https:\/\/sobreincendios.com\/blog\/condiciones-de-uso\/\",\"url\":\"https:\/\/sobreincendios.com\/blog\/condiciones-de-uso\/\",\"name\":\"Condiciones de uso\",\"isPartOf\":{\"@id\":\"https:\/\/sobreincendios.com\/blog\/#website\"},\"datePublished\":\"2023-09-22T13:36:37+00:00\",\"dateModified\":\"2023-09-22T13:36:37+00:00\",\"breadcrumb\":{\"@id\":\"https:\/\/sobreincendios.com\/blog\/condiciones-de-uso\/#breadcrumb\"},\"inLanguage\":\"es\",\"potentialAction\":[{\"@type\":\"ReadAction\",\"target\":[\"https:\/\/sobreincendios.com\/blog\/condiciones-de-uso\/\"]}]},{\"@type\":\"BreadcrumbList\",\"@id\":\"https:\/\/sobreincendios.com\/blog\/condiciones-de-uso\/#breadcrumb\",\"itemListElement\":[{\"@type\":\"ListItem\",\"position\":1,\"name\":\"Home\",\"item\":\"https:\/\/sobreincendios.com\/blog\/\"},{\"@type\":\"ListItem\",\"position\":2,\"name\":\"Condiciones de uso\"}]},{\"@type\":\"WebSite\",\"@id\":\"https:\/\/sobreincendios.com\/blog\/#website\",\"url\":\"https:\/\/sobreincendios.com\/blog\/\",\"name\":\"Sobre incendios Blog\",\"description\":\"\",\"publisher\":{\"@id\":\"https:\/\/sobreincendios.com\/blog\/#organization\"},\"potentialAction\":[{\"@type\":\"SearchAction\",\"target\":{\"@type\":\"EntryPoint\",\"urlTemplate\":\"https:\/\/sobreincendios.com\/blog\/?s={search_term_string}\"},\"query-input\":\"required name=search_term_string\"}],\"inLanguage\":\"es\"},{\"@type\":\"Organization\",\"@id\":\"https:\/\/sobreincendios.com\/blog\/#organization\",\"name\":\"Sobre incendios Blog\",\"url\":\"https:\/\/sobreincendios.com\/blog\/\",\"logo\":{\"@type\":\"ImageObject\",\"inLanguage\":\"es\",\"@id\":\"https:\/\/sobreincendios.com\/blog\/#\/schema\/logo\/image\/\",\"url\":\"https:\/\/sobreincendios.com\/blog\/wp-content\/uploads\/2023\/09\/1633123360.jpg\",\"contentUrl\":\"https:\/\/sobreincendios.com\/blog\/wp-content\/uploads\/2023\/09\/1633123360.jpg\",\"width\":225,\"height\":225,\"caption\":\"Sobre incendios Blog\"},\"image\":{\"@id\":\"https:\/\/sobreincendios.com\/blog\/#\/schema\/logo\/image\/\"}}]}<\/script>\n<!-- \/ Yoast SEO plugin. -->","yoast_head_json":{"title":"Condiciones de uso","robots":{"index":"index","follow":"follow","max-snippet":"max-snippet:-1","max-image-preview":"max-image-preview:large","max-video-preview":"max-video-preview:-1"},"canonical":"https:\/\/sobreincendios.com\/blog\/condiciones-de-uso\/","og_locale":"es_ES","og_type":"article","og_title":"Condiciones de uso","og_description":"Por favor, revise cuidadosamente estos t\u00e9rminos antes de utilizar este servicio. El acceso y uso de este servicio est\u00e1 sujeto a su aceptaci\u00f3n y cumplimiento de estos t\u00e9rminos. Estos t\u00e9rminos se aplican a todos los visitantes, usuarios y cualquier persona que acceda o utilice este servicio. Al acceder o utilizar este servicio, acepta cumplir con [&hellip;]","og_url":"https:\/\/sobreincendios.com\/blog\/condiciones-de-uso\/","og_site_name":"Sobre incendios Blog","twitter_card":"summary_large_image","twitter_misc":{"Tiempo de lectura":"3 minutos"},"schema":{"@context":"https:\/\/schema.org","@graph":[{"@type":"WebPage","@id":"https:\/\/sobreincendios.com\/blog\/condiciones-de-uso\/","url":"https:\/\/sobreincendios.com\/blog\/condiciones-de-uso\/","name":"Condiciones de uso","isPartOf":{"@id":"https:\/\/sobreincendios.com\/blog\/#website"},"datePublished":"2023-09-22T13:36:37+00:00","dateModified":"2023-09-22T13:36:37+00:00","breadcrumb":{"@id":"https:\/\/sobreincendios.com\/blog\/condiciones-de-uso\/#breadcrumb"},"inLanguage":"es","potentialAction":[{"@type":"ReadAction","target":["https:\/\/sobreincendios.com\/blog\/condiciones-de-uso\/"]}]},{"@type":"BreadcrumbList","@id":"https:\/\/sobreincendios.com\/blog\/condiciones-de-uso\/#breadcrumb","itemListElement":[{"@type":"ListItem","position":1,"name":"Home","item":"https:\/\/sobreincendios.com\/blog\/"},{"@type":"ListItem","position":2,"name":"Condiciones de uso"}]},{"@type":"WebSite","@id":"https:\/\/sobreincendios.com\/blog\/#website","url":"https:\/\/sobreincendios.com\/blog\/","name":"Sobre incendios Blog","description":"","publisher":{"@id":"https:\/\/sobreincendios.com\/blog\/#organization"},"potentialAction":[{"@type":"SearchAction","target":{"@type":"EntryPoint","urlTemplate":"https:\/\/sobreincendios.com\/blog\/?s={search_term_string}"},"query-input":"required name=search_term_string"}],"inLanguage":"es"},{"@type":"Organization","@id":"https:\/\/sobreincendios.com\/blog\/#organization","name":"Sobre incendios Blog","url":"https:\/\/sobreincendios.com\/blog\/","logo":{"@type":"ImageObject","inLanguage":"es","@id":"https:\/\/sobreincendios.com\/blog\/#\/schema\/logo\/image\/","url":"https:\/\/sobreincendios.com\/blog\/wp-content\/uploads\/2023\/09\/1633123360.jpg","contentUrl":"https:\/\/sobreincendios.com\/blog\/wp-content\/uploads\/2023\/09\/1633123360.jpg","width":225,"height":225,"caption":"Sobre incendios Blog"},"image":{"@id":"https:\/\/sobreincendios.com\/blog\/#\/schema\/logo\/image\/"}}]}},"_links":{"self":[{"href":"https:\/\/sobreincendios.com\/blog\/wp-json\/wp\/v2\/pages\/15"}],"collection":[{"href":"https:\/\/sobreincendios.com\/blog\/wp-json\/wp\/v2\/pages"}],"about":[{"href":"https:\/\/sobreincendios.com\/blog\/wp-json\/wp\/v2\/types\/page"}],"author":[{"embeddable":true,"href":"https:\/\/sobreincendios.com\/blog\/wp-json\/wp\/v2\/users\/1"}],"replies":[{"embeddable":true,"href":"https:\/\/sobreincendios.com\/blog\/wp-json\/wp\/v2\/comments?post=15"}],"version-history":[{"count":1,"href":"https:\/\/sobreincendios.com\/blog\/wp-json\/wp\/v2\/pages\/15\/revisions"}],"predecessor-version":[{"id":16,"href":"https:\/\/sobreincendios.com\/blog\/wp-json\/wp\/v2\/pages\/15\/revisions\/16"}],"wp:attachment":[{"href":"https:\/\/sobreincendios.com\/blog\/wp-json\/wp\/v2\/media?parent=15"}],"curies":[{"name":"wp","href":"https:\/\/api.w.org\/{rel}","templated":true}]}}